{"id":7884,"date":"2025-04-03T23:11:11","date_gmt":"2025-04-03T21:11:11","guid":{"rendered":"https:\/\/aspcgymsport.com\/wp\/?page_id=7884"},"modified":"2025-04-17T14:24:04","modified_gmt":"2025-04-17T12:24:04","slug":"goodies-championnat-de-france-gac-2025","status":"publish","type":"page","link":"https:\/\/aspcgymsport.com\/wp\/goodies-championnat-de-france-gac-2025\/","title":{"rendered":"Goodies Championnat de France Gac 2025"},"content":{"rendered":"<p>[et_pb_section fb_built=\u00a0\u00bb1&Prime; fullwidth=\u00a0\u00bbon\u00a0\u00bb custom_padding_last_edited=\u00a0\u00bbon|desktop\u00a0\u00bb _builder_version=\u00a0\u00bb4.16&Prime; background_color=\u00a0\u00bb#ffffff\u00a0\u00bb custom_padding_tablet=\u00a0\u00bb\u00a0\u00bb custom_padding_phone=\u00a0\u00bb\u00a0\u00bb transparent_background=\u00a0\u00bboff\u00a0\u00bb global_colors_info=\u00a0\u00bb{}\u00a0\u00bb][et_pb_fullwidth_header title=\u00a0\u00bbGOODIES du  Championnat de France Gac 2025&Prime; text_orientation=\u00a0\u00bbcenter\u00a0\u00bb background_overlay_color=\u00a0\u00bbrgba(0,0,0,0.2)\u00a0\u00bb _builder_version=\u00a0\u00bb4.27.4&Prime; title_font_size=\u00a0\u00bb48px\u00a0\u00bb background_color=\u00a0\u00bbrgba(255,255,255,0)\u00a0\u00bb background_image=\u00a0\u00bbhttps:\/\/aspcgymsport.com\/wp\/wp-content\/uploads\/ASPC-Gym-Fond-multico.jpg\u00a0\u00bb max_width_tablet=\u00a0\u00bb50px\u00a0\u00bb min_height=\u00a0\u00bb250px\u00a0\u00bb custom_margin=\u00a0\u00bb||50px|||\u00a0\u00bb title_font_size_tablet=\u00a0\u00bb\u00a0\u00bb title_font_size_phone=\u00a0\u00bb24px\u00a0\u00bb title_font_size_last_edited=\u00a0\u00bbon|phone\u00a0\u00bb custom_css_main_element=\u00a0\u00bbpadding-top: 30px;||padding-bottom: 85px;\u00a0\u00bb global_colors_info=\u00a0\u00bb{}\u00a0\u00bb button_one_text_size__hover_enabled=\u00a0\u00bboff\u00a0\u00bb button_one_text_size__hover=\u00a0\u00bbnull\u00a0\u00bb button_two_text_size__hover_enabled=\u00a0\u00bboff\u00a0\u00bb button_two_text_size__hover=\u00a0\u00bbnull\u00a0\u00bb button_one_text_color__hover_enabled=\u00a0\u00bboff\u00a0\u00bb button_one_text_color__hover=\u00a0\u00bbnull\u00a0\u00bb button_two_text_color__hover_enabled=\u00a0\u00bboff\u00a0\u00bb button_two_text_color__hover=\u00a0\u00bbnull\u00a0\u00bb button_one_border_width__hover_enabled=\u00a0\u00bboff\u00a0\u00bb button_one_border_width__hover=\u00a0\u00bbnull\u00a0\u00bb button_two_border_width__hover_enabled=\u00a0\u00bboff\u00a0\u00bb button_two_border_width__hover=\u00a0\u00bbnull\u00a0\u00bb button_one_border_color__hover_enabled=\u00a0\u00bboff\u00a0\u00bb button_one_border_color__hover=\u00a0\u00bbnull\u00a0\u00bb button_two_border_color__hover_enabled=\u00a0\u00bboff\u00a0\u00bb button_two_border_color__hover=\u00a0\u00bbnull\u00a0\u00bb button_one_border_radius__hover_enabled=\u00a0\u00bboff\u00a0\u00bb button_one_border_radius__hover=\u00a0\u00bbnull\u00a0\u00bb button_two_border_radius__hover_enabled=\u00a0\u00bboff\u00a0\u00bb button_two_border_radius__hover=\u00a0\u00bbnull\u00a0\u00bb button_one_letter_spacing__hover_enabled=\u00a0\u00bboff\u00a0\u00bb button_one_letter_spacing__hover=\u00a0\u00bbnull\u00a0\u00bb button_two_letter_spacing__hover_enabled=\u00a0\u00bboff\u00a0\u00bb button_two_letter_spacing__hover=\u00a0\u00bbnull\u00a0\u00bb button_one_bg_color__hover_enabled=\u00a0\u00bboff\u00a0\u00bb button_one_bg_color__hover=\u00a0\u00bbnull\u00a0\u00bb button_two_bg_color__hover_enabled=\u00a0\u00bboff\u00a0\u00bb button_two_bg_color__hover=\u00a0\u00bbnull\u00a0\u00bb][\/et_pb_fullwidth_header][\/et_pb_section][et_pb_section fb_built=\u00a0\u00bb1&Prime; custom_padding_last_edited=\u00a0\u00bbon|tablet\u00a0\u00bb admin_label=\u00a0\u00bbsection principale\u00a0\u00bb _builder_version=\u00a0\u00bb4.16&Prime; custom_padding=\u00a0\u00bb50px||50px|||\u00a0\u00bb custom_padding_tablet=\u00a0\u00bb50px||50px|\u00a0\u00bb custom_padding_phone=\u00a0\u00bb\u00a0\u00bb transparent_background=\u00a0\u00bboff\u00a0\u00bb padding_mobile=\u00a0\u00bbon\u00a0\u00bb global_colors_info=\u00a0\u00bb{}\u00a0\u00bb][et_pb_row column_structure=\u00a0\u00bb3_5,2_5&Prime; _builder_version=\u00a0\u00bb4.16&Prime; _module_preset=\u00a0\u00bbdefault\u00a0\u00bb global_colors_info=\u00a0\u00bb{}\u00a0\u00bb][et_pb_column type=\u00a0\u00bb3_5&Prime; _builder_version=\u00a0\u00bb4.16&Prime; _module_preset=\u00a0\u00bbdefault\u00a0\u00bb global_colors_info=\u00a0\u00bb{}\u00a0\u00bb][et_pb_text _builder_version=\u00a0\u00bb4.27.4&Prime; _module_preset=\u00a0\u00bbdefault\u00a0\u00bb hover_enabled=\u00a0\u00bb0&Prime; global_colors_info=\u00a0\u00bb{}\u00a0\u00bb sticky_enabled=\u00a0\u00bb0&Prime;]<\/p>\n<h2>Goodies et souvenirs du Troph\u00e9e F\u00e9d\u00e9ral par \u00e9quipe et du Championnat de France par \u00e9quipe de Gymnastique Acrobatique 2025 des 3 &amp; 4 mai 2025\u00a0 aux Ponts-de-C\u00e9<\/h2>\n<p>Le Club organisateur vous propose de repartir avec des petits souvenirs de ce moment festif et important de votre parcours dans la Gymnastique Acrobatique.<\/p>\n<p>Traditionnellement, nous vous avons pr\u00e9par\u00e9 \u00e0 l&rsquo;effigie de cette comp\u00e9tition nationale, des <strong>gobelets<\/strong> <strong>ecocup,<\/strong> des <strong>tee-shirts<\/strong> et <strong>d\u00e9bardeurs<\/strong>, des <strong>sweat<\/strong>, des<strong> tote-bag,\u00a0<\/strong> ainsi que des petites <strong>serviettes microfibres<\/strong>.<\/p>\n<p>Tous les v\u00eatements sont floqu\u00e9s en dos et sur le c\u0153ur avec le rappel des logos et affiche de la comp\u00e9tition.<\/p>\n<p>En compl\u00e9ment, vous pouvez rajouter votre personnalisation :<\/p>\n<ul>\n<li>Votre nom, surnom<\/li>\n<li>Votre nom de club<\/li>\n<li>une devise : la reine du <span class='tooltipsall tooltipsincontent classtoolTips9'>Salto<\/span> !<\/li>\n<li>votre cat\u00e9gorie de comp\u00e9tition : DN1 !<\/li>\n<li>etc&#8230;<\/li>\n<\/ul>\n<p>&nbsp;<\/p>\n<p>&nbsp;<\/p>\n<p>&nbsp;<\/p>\n<p>&nbsp;<\/p>\n<p>[\/et_pb_text][\/et_pb_column][et_pb_column type=\u00a0\u00bb2_5&Prime; _builder_version=\u00a0\u00bb4.16&Prime; _module_preset=\u00a0\u00bbdefault\u00a0\u00bb global_colors_info=\u00a0\u00bb{}\u00a0\u00bb][et_pb_image src=\u00a0\u00bbhttps:\/\/aspcgymsport.com\/wp\/wp-content\/uploads\/athletis-300&#215;151.png\u00a0\u00bb title_text=\u00a0\u00bbathletis\u00a0\u00bb _builder_version=\u00a0\u00bb4.16.0&Prime; _module_preset=\u00a0\u00bbdefault\u00a0\u00bb global_colors_info=\u00a0\u00bb{}\u00a0\u00bb][\/et_pb_image][et_pb_image src=\u00a0\u00bbhttps:\/\/aspcgymsport.com\/wp\/wp-content\/uploads\/personnalisation_champFGac2025.png\u00a0\u00bb title_text=\u00a0\u00bbpersonnalisation_champFGac2025&Prime; _builder_version=\u00a0\u00bb4.27.4&Prime; _module_preset=\u00a0\u00bbdefault\u00a0\u00bb hover_enabled=\u00a0\u00bb0&Prime; global_colors_info=\u00a0\u00bb{}\u00a0\u00bb alt=\u00a0\u00bbPersonnalisation Championnat de FRANCE GAC 2025&Prime; sticky_enabled=\u00a0\u00bb0&Prime;][\/et_pb_image][\/et_pb_column][\/et_pb_row][et_pb_row _builder_version=\u00a0\u00bb4.16&Prime; _module_preset=\u00a0\u00bbdefault\u00a0\u00bb global_colors_info=\u00a0\u00bb{}\u00a0\u00bb][et_pb_column type=\u00a0\u00bb4_4&Prime; _builder_version=\u00a0\u00bb4.16&Prime; _module_preset=\u00a0\u00bbdefault\u00a0\u00bb global_colors_info=\u00a0\u00bb{}\u00a0\u00bb][et_pb_text disabled_on=\u00a0\u00bbon|on|on\u00a0\u00bb _builder_version=\u00a0\u00bb4.25.0&Prime; _module_preset=\u00a0\u00bbdefault\u00a0\u00bb custom_padding=\u00a0\u00bb10px||||false|false\u00a0\u00bb disabled=\u00a0\u00bbon\u00a0\u00bb global_colors_info=\u00a0\u00bb{}\u00a0\u00bb]<\/p>\n<hr \/>\n<h2>Goodies \/ V\u00eatements\u00a0 \u00e0 r\u00e9server<\/h2>\n<p>N&rsquo;h\u00e9sitez pas \u00e0 r\u00e9server ci-dessous ce qui vous fait plaisir pour \u00eatre certains qu&rsquo;on vous les mettent de c\u00f4t\u00e9 pour le jour de votre venue aux Ponts-de-C\u00e9.<\/p>\n<p>A la suite de votre r\u00e9glement en ligne par Carte Bleue, vous recevrez imm\u00e9diatement une facture par mail (n&rsquo;h\u00e9sitez pas \u00e0 regarder vos spams).<\/p>\n<p>RDV ensuite dans le hall d&rsquo;accueil du complexe Athl\u00e9tis pour r\u00e9cup\u00e9rer votre commande usr pr\u00e9sentation de cette facture imprim\u00e9e.<\/p>\n<p>Et nous vous remercions de bien vouloir r\u00e9server <strong>avant le 6 mai<\/strong>, afin que nous g\u00e9rions convenablement nos pr\u00e9parations \ud83d\ude42<\/p>\n<p>&nbsp;<\/p>\n<p>&nbsp;<\/p>\n<p>&nbsp;<\/p>\n<p>&nbsp;<\/p>\n<p>&nbsp;<\/p>\n<p>[\/et_pb_text][et_pb_text _builder_version=\u00a0\u00bb4.27.4&Prime; _module_preset=\u00a0\u00bbdefault\u00a0\u00bb custom_padding=\u00a0\u00bb10px||||false|false\u00a0\u00bb global_colors_info=\u00a0\u00bb{}\u00a0\u00bb]<\/p>\n<hr \/>\n<h2>Goodies \/ V\u00eatements \u00e0 l&rsquo;image de la Comp\u00e9tition<\/h2>\n<p>D\u00e9couvrez ici les v\u00eatements floqu\u00e9s \u00e0 l&rsquo;image de cette comp\u00e9tition<\/p>\n<p>&nbsp;<\/p>\n<p>&nbsp;<\/p>\n<p>[\/et_pb_text][et_pb_shop type=\u00a0\u00bbproduct_category\u00a0\u00bb show_pagination=\u00a0\u00bbon\u00a0\u00bb include_categories=\u00a0\u00bb158&Prime; columns_number=\u00a0\u00bb3&Prime; orderby=\u00a0\u00bbpopularity\u00a0\u00bb disabled_on=\u00a0\u00bboff|off|off\u00a0\u00bb _builder_version=\u00a0\u00bb4.27.4&Prime; _module_preset=\u00a0\u00bbdefault\u00a0\u00bb global_colors_info=\u00a0\u00bb{}\u00a0\u00bb][\/et_pb_shop][\/et_pb_column][\/et_pb_row][\/et_pb_section][et_pb_section fb_built=\u00a0\u00bb1&Prime; custom_padding_last_edited=\u00a0\u00bbon|tablet\u00a0\u00bb admin_label=\u00a0\u00bbPr\u00e9sentation globale Champ France Gac 2025&Prime; _builder_version=\u00a0\u00bb4.27.4&Prime; custom_padding=\u00a0\u00bb50px||50px|||\u00a0\u00bb custom_padding_tablet=\u00a0\u00bb50px||50px|\u00a0\u00bb custom_padding_phone=\u00a0\u00bb\u00a0\u00bb transparent_background=\u00a0\u00bboff\u00a0\u00bb padding_mobile=\u00a0\u00bbon\u00a0\u00bb global_module=\u00a0\u00bb7762&Prime; collapsed=\u00a0\u00bboff\u00a0\u00bb global_colors_info=\u00a0\u00bb{}\u00a0\u00bb][et_pb_row admin_label=\u00a0\u00bbrow\u00a0\u00bb _builder_version=\u00a0\u00bb4.25.0&Prime; background_color=\u00a0\u00bb#8300E9&Prime; background_size=\u00a0\u00bbinitial\u00a0\u00bb background_position=\u00a0\u00bbtop_left\u00a0\u00bb background_repeat=\u00a0\u00bbrepeat\u00a0\u00bb max_width=\u00a0\u00bb2560px\u00a0\u00bb global_colors_info=\u00a0\u00bb{}\u00a0\u00bb][et_pb_column type=\u00a0\u00bb4_4&Prime; _builder_version=\u00a0\u00bb4.16&Prime; custom_padding=\u00a0\u00bb|||\u00a0\u00bb global_colors_info=\u00a0\u00bb{}\u00a0\u00bb custom_padding__hover=\u00a0\u00bb|||\u00a0\u00bb][et_pb_divider color=\u00a0\u00bb#8300E9&Prime; divider_weight=\u00a0\u00bb2px\u00a0\u00bb _builder_version=\u00a0\u00bb4.25.0&Prime; _module_preset=\u00a0\u00bbdefault\u00a0\u00bb custom_margin=\u00a0\u00bb1px||3px||false|false\u00a0\u00bb global_colors_info=\u00a0\u00bb{}\u00a0\u00bb][\/et_pb_divider][\/et_pb_column][\/et_pb_row][et_pb_row column_structure=\u00a0\u00bb3_5,2_5&Prime; admin_label=\u00a0\u00bbrow\u00a0\u00bb _builder_version=\u00a0\u00bb4.16.0&Prime; background_size=\u00a0\u00bbinitial\u00a0\u00bb background_position=\u00a0\u00bbtop_left\u00a0\u00bb background_repeat=\u00a0\u00bbrepeat\u00a0\u00bb max_width=\u00a0\u00bb2560px\u00a0\u00bb global_colors_info=\u00a0\u00bb{}\u00a0\u00bb][et_pb_column type=\u00a0\u00bb3_5&Prime; _builder_version=\u00a0\u00bb4.16&Prime; custom_padding=\u00a0\u00bb|||\u00a0\u00bb global_colors_info=\u00a0\u00bb{}\u00a0\u00bb custom_padding__hover=\u00a0\u00bb|||\u00a0\u00bb][et_pb_text _builder_version=\u00a0\u00bb4.27.4&Prime; quote_font=\u00a0\u00bb||||||||\u00a0\u00bb background_size=\u00a0\u00bbinitial\u00a0\u00bb background_position=\u00a0\u00bbtop_left\u00a0\u00bb background_repeat=\u00a0\u00bbrepeat\u00a0\u00bb custom_padding=\u00a0\u00bb1px||||false|false\u00a0\u00bb header_font_size_tablet=\u00a0\u00bb\u00a0\u00bb header_font_size_phone=\u00a0\u00bb36px\u00a0\u00bb header_font_size_last_edited=\u00a0\u00bbon|phone\u00a0\u00bb use_border_color=\u00a0\u00bboff\u00a0\u00bb global_colors_info=\u00a0\u00bb{}\u00a0\u00bb]<\/p>\n<h1>Pr\u00e9sentation de la comp\u00e9tition<\/h1>\n<p>Nous vous accueillerons avec plaisir sur cette comp\u00e9tition nationale.<\/p>\n<p>Ce nouveau format de comp\u00e9tition regroupe cette saison le CHAMPIONNAT DE FRANCE par \u00c9QUIPE de GYMNASTIQUE ACROBATIQUE coupl\u00e9 au TROPH\u00c9E F\u00c9D\u00c9RAL par \u00c9QUIPE (anciennement nomm\u00e9 FESTIGAC).<\/p>\n<p>Sur ce long week-end des 3 et 4 mai 2025, nous accueillerons environ 750 gymnastes qualifi\u00e9es pour ces deux finales nationales.<\/p>\n<p>Souhaitons le meilleur \u00e0 tous ces gymnastes ; et que cette comp\u00e9tition soit \u00e0 la fois un moment qui valorise leur travail et leur engagement lors des entra\u00eenements, mais \u00e9galement un moment le plus convivial et festif possible.<\/p>\n<p>[\/et_pb_text][\/et_pb_column][et_pb_column type=\u00a0\u00bb2_5&Prime; _builder_version=\u00a0\u00bb4.16&Prime; custom_padding=\u00a0\u00bb|||\u00a0\u00bb global_colors_info=\u00a0\u00bb{}\u00a0\u00bb custom_padding__hover=\u00a0\u00bb|||\u00a0\u00bb][et_pb_image src=\u00a0\u00bbhttps:\/\/aspcgymsport.com\/wp\/wp-content\/uploads\/ASPC_Affiche-V6_thd_WEB-212&#215;300.png\u00a0\u00bb alt=\u00a0\u00bbASPC GYMSPORT Championnat de France Gymnastique acrobatique par \u00e9quipe, mai 2025 LES PONTS DE CE\u00a0\u00bb title_text=\u00a0\u00bbASPC_Affiche V6_thd_WEB\u00a0\u00bb url=\u00a0\u00bb@ET-DC@eyJkeW5hbWljIjp0cnVlLCJjb250ZW50IjoicG9zdF9saW5rX3VybF9wYWdlIiwic2V0dGluZ3MiOnsicG9zdF9pZCI6IjU0MjAifX0=@\u00a0\u00bb align=\u00a0\u00bbcenter\u00a0\u00bb _builder_version=\u00a0\u00bb4.27.4&Prime; _dynamic_attributes=\u00a0\u00bburl\u00a0\u00bb _module_preset=\u00a0\u00bbdefault\u00a0\u00bb global_colors_info=\u00a0\u00bb{}\u00a0\u00bb][\/et_pb_image][\/et_pb_column][\/et_pb_row][et_pb_row admin_label=\u00a0\u00bbrow\u00a0\u00bb _builder_version=\u00a0\u00bb4.25.0&Prime; background_color=\u00a0\u00bbRGBA(255,255,255,0)\u00a0\u00bb background_size=\u00a0\u00bbinitial\u00a0\u00bb background_position=\u00a0\u00bbtop_left\u00a0\u00bb background_repeat=\u00a0\u00bbrepeat\u00a0\u00bb max_width=\u00a0\u00bb2560px\u00a0\u00bb global_colors_info=\u00a0\u00bb{}\u00a0\u00bb][et_pb_column type=\u00a0\u00bb4_4&Prime; _builder_version=\u00a0\u00bb4.16&Prime; custom_padding=\u00a0\u00bb|||\u00a0\u00bb global_colors_info=\u00a0\u00bb{}\u00a0\u00bb custom_padding__hover=\u00a0\u00bb|||\u00a0\u00bb][et_pb_divider color=\u00a0\u00bb#8300E9&Prime; divider_style=\u00a0\u00bbdashed\u00a0\u00bb divider_weight=\u00a0\u00bb1px\u00a0\u00bb _builder_version=\u00a0\u00bb4.25.0&Prime; _module_preset=\u00a0\u00bbdefault\u00a0\u00bb custom_margin=\u00a0\u00bb1px||2px||false|false\u00a0\u00bb global_colors_info=\u00a0\u00bb{}\u00a0\u00bb][\/et_pb_divider][et_pb_text _builder_version=\u00a0\u00bb4.25.0&Prime; _module_preset=\u00a0\u00bbdefault\u00a0\u00bb global_colors_info=\u00a0\u00bb{}\u00a0\u00bb]<\/p>\n<h2>Acc\u00e9dez directement aux pages de pr\u00e9sentation et de r\u00e9servation mis en place pour cette comp\u00e9tition via les boutons ci-dessous :<\/h2>\n<p>[\/et_pb_text][\/et_pb_column][\/et_pb_row][et_pb_row column_structure=\u00a0\u00bb1_3,1_3,1_3&Prime; admin_label=\u00a0\u00bbrow\u00a0\u00bb _builder_version=\u00a0\u00bb4.16.0&Prime; background_size=\u00a0\u00bbinitial\u00a0\u00bb background_position=\u00a0\u00bbtop_left\u00a0\u00bb background_repeat=\u00a0\u00bbrepeat\u00a0\u00bb max_width=\u00a0\u00bb2560px\u00a0\u00bb global_colors_info=\u00a0\u00bb{}\u00a0\u00bb][et_pb_column type=\u00a0\u00bb1_3&Prime; _builder_version=\u00a0\u00bb4.16&Prime; custom_padding=\u00a0\u00bb|||\u00a0\u00bb global_colors_info=\u00a0\u00bb{}\u00a0\u00bb custom_padding__hover=\u00a0\u00bb|||\u00a0\u00bb][et_pb_image src=\u00a0\u00bbhttps:\/\/aspcgymsport.com\/wp\/wp-content\/uploads\/bouton_billetterrie_ChampFGAC2025.png\u00a0\u00bb alt=\u00a0\u00bbChampionnat France GAC 2025 ASPC GYMSPORT\u00a0\u00bb title_text=\u00a0\u00bbbouton_billetterrie_ChampFGAC2025&Prime; url=\u00a0\u00bb@ET-DC@eyJkeW5hbWljIjp0cnVlLCJjb250ZW50IjoicG9zdF9saW5rX3VybF9wYWdlIiwic2V0dGluZ3MiOnsicG9zdF9pZCI6Ijc2ODUifX0=@\u00a0\u00bb align=\u00a0\u00bbcenter\u00a0\u00bb disabled_on=\u00a0\u00bboff|off|off\u00a0\u00bb admin_label=\u00a0\u00bbimage billetterie\u00a0\u00bb _builder_version=\u00a0\u00bb4.27.4&Prime; _dynamic_attributes=\u00a0\u00bburl\u00a0\u00bb _module_preset=\u00a0\u00bbdefault\u00a0\u00bb border_radii=\u00a0\u00bbon|2px|2px|2px|2px\u00a0\u00bb border_width_all=\u00a0\u00bb2px\u00a0\u00bb border_color_all=\u00a0\u00bb#E09900&Prime; border_style_all=\u00a0\u00bboutset\u00a0\u00bb box_shadow_style=\u00a0\u00bbpreset6&Prime; box_shadow_color=\u00a0\u00bb#DF52FF\u00a0\u00bb global_colors_info=\u00a0\u00bb{}\u00a0\u00bb][\/et_pb_image][\/et_pb_column][et_pb_column type=\u00a0\u00bb1_3&Prime; _builder_version=\u00a0\u00bb4.16&Prime; custom_padding=\u00a0\u00bb|||\u00a0\u00bb global_colors_info=\u00a0\u00bb{}\u00a0\u00bb custom_padding__hover=\u00a0\u00bb|||\u00a0\u00bb][et_pb_image src=\u00a0\u00bbhttps:\/\/aspcgymsport.com\/wp\/wp-content\/uploads\/bouton_restauration_ChampFGAC2025.png\u00a0\u00bb alt=\u00a0\u00bbChampionnat France GAC 2025 ASPC GYMSPORT\u00a0\u00bb title_text=\u00a0\u00bbbouton_restauration_ChampFGAC2025&Prime; url=\u00a0\u00bb@ET-DC@eyJkeW5hbWljIjp0cnVlLCJjb250ZW50IjoicG9zdF9saW5rX3VybF9wYWdlIiwic2V0dGluZ3MiOnsicG9zdF9pZCI6Ijc4NzIifX0=@\u00a0\u00bb align=\u00a0\u00bbcenter\u00a0\u00bb disabled_on=\u00a0\u00bboff|off|off\u00a0\u00bb admin_label=\u00a0\u00bbimage restauration\u00a0\u00bb _builder_version=\u00a0\u00bb4.27.4&Prime; _dynamic_attributes=\u00a0\u00bburl\u00a0\u00bb _module_preset=\u00a0\u00bbdefault\u00a0\u00bb border_radii=\u00a0\u00bbon|2px|2px|2px|2px\u00a0\u00bb border_width_all=\u00a0\u00bb2px\u00a0\u00bb border_color_all=\u00a0\u00bb#E09900&Prime; border_style_all=\u00a0\u00bboutset\u00a0\u00bb box_shadow_style=\u00a0\u00bbpreset6&Prime; box_shadow_color=\u00a0\u00bb#DF52FF\u00a0\u00bb global_colors_info=\u00a0\u00bb{}\u00a0\u00bb][\/et_pb_image][\/et_pb_column][et_pb_column type=\u00a0\u00bb1_3&Prime; _builder_version=\u00a0\u00bb4.16&Prime; custom_padding=\u00a0\u00bb|||\u00a0\u00bb global_colors_info=\u00a0\u00bb{}\u00a0\u00bb custom_padding__hover=\u00a0\u00bb|||\u00a0\u00bb][et_pb_image src=\u00a0\u00bbhttps:\/\/aspcgymsport.com\/wp\/wp-content\/uploads\/bouton_vetements_ChampFGAC2025.png\u00a0\u00bb alt=\u00a0\u00bbChampionnat France GAC 2025 ASPC GYMSPORT\u00a0\u00bb title_text=\u00a0\u00bbbouton_vetements_ChampFGAC2025&Prime; url=\u00a0\u00bb@ET-DC@eyJkeW5hbWljIjp0cnVlLCJjb250ZW50IjoicG9zdF9saW5rX3VybF9wYWdlIiwic2V0dGluZ3MiOnsicG9zdF9pZCI6Ijc4ODQifX0=@\u00a0\u00bb align=\u00a0\u00bbcenter\u00a0\u00bb disabled_on=\u00a0\u00bboff|off|off\u00a0\u00bb admin_label=\u00a0\u00bbimage goodies\u00a0\u00bb _builder_version=\u00a0\u00bb4.27.4&Prime; _dynamic_attributes=\u00a0\u00bburl\u00a0\u00bb _module_preset=\u00a0\u00bbdefault\u00a0\u00bb border_radii=\u00a0\u00bbon|2px|2px|2px|2px\u00a0\u00bb border_width_all=\u00a0\u00bb2px\u00a0\u00bb border_color_all=\u00a0\u00bb#E09900&Prime; border_style_all=\u00a0\u00bboutset\u00a0\u00bb box_shadow_style=\u00a0\u00bbpreset6&Prime; box_shadow_color=\u00a0\u00bb#DF52FF\u00a0\u00bb global_colors_info=\u00a0\u00bb{}\u00a0\u00bb][\/et_pb_image][\/et_pb_column][\/et_pb_row][\/et_pb_section]<\/p>\n<script type=\"text\/javascript\"> toolTips('.classtoolTips9','Mouvement acrobatique s\\'effectuant par une rotation transversale.<br\/><br\/>Il peut \u00eatre group\u00e9, tendu ou carp\u00e9, avant ou arri\u00e8re.<br\/><br\/>&nbsp;'); <\/script><script type=\"text\/javascript\"> toolTips('.classtoolTips16','Gymnastique acrobatique'); <\/script><script type=\"text\/javascript\"> toolTips('.classtoolTips17','Gymnastique Rythmique'); <\/script><script type=\"text\/javascript\"> toolTips('.classtoolTips18','Trampoline'); <\/script>","protected":false},"excerpt":{"rendered":"<p>[et_pb_section fb_built=\u00a0\u00bb1&Prime; fullwidth=\u00a0\u00bbon\u00a0\u00bb custom_padding_last_edited=\u00a0\u00bbon|desktop\u00a0\u00bb _builder_version=\u00a0\u00bb4.16&Prime; background_color=\u00a0\u00bb#ffffff\u00a0\u00bb custom_padding_tablet=\u00a0\u00bb\u00a0\u00bb custom_padding_phone=\u00a0\u00bb\u00a0\u00bb transparent_background=\u00a0\u00bboff\u00a0\u00bb global_colors_info=\u00a0\u00bb{}\u00a0\u00bb][et_pb_fullwidth_header title=\u00a0\u00bbGOODIES du Championnat de France Gac 2025&Prime; text_orientation=\u00a0\u00bbcenter\u00a0\u00bb background_overlay_color=\u00a0\u00bbrgba(0,0,0,0.2)\u00a0\u00bb _builder_version=\u00a0\u00bb4.27.4&Prime; title_font_size=\u00a0\u00bb48px\u00a0\u00bb background_color=\u00a0\u00bbrgba(255,255,255,0)\u00a0\u00bb background_image=\u00a0\u00bbhttps:\/\/aspcgymsport.com\/wp\/wp-content\/uploads\/ASPC-Gym-Fond-multico.jpg\u00a0\u00bb max_width_tablet=\u00a0\u00bb50px\u00a0\u00bb min_height=\u00a0\u00bb250px\u00a0\u00bb custom_margin=\u00a0\u00bb||50px|||\u00a0\u00bb title_font_size_tablet=\u00a0\u00bb\u00a0\u00bb title_font_size_phone=\u00a0\u00bb24px\u00a0\u00bb title_font_size_last_edited=\u00a0\u00bbon|phone\u00a0\u00bb custom_css_main_element=\u00a0\u00bbpadding-top: [&hellip;]<\/p>\n","protected":false},"author":1,"featured_media":0,"parent":0,"menu_order":0,"comment_status":"closed","ping_status":"closed","template":"","meta":{"give_campaign_id":0,"_et_pb_use_builder":"on","_et_pb_old_content":"","_et_gb_content_width":"","_custom_body_class":"","_custom_post_class":"","footnotes":""},"class_list":["post-7884","page","type-page","status-publish","hentry"],"campaignId":"","_links":{"self":[{"href":"https:\/\/aspcgymsport.com\/wp\/wp-json\/wp\/v2\/pages\/7884","targetHints":{"allow":["GET"]}}],"collection":[{"href":"https:\/\/aspcgymsport.com\/wp\/wp-json\/wp\/v2\/pages"}],"about":[{"href":"https:\/\/aspcgymsport.com\/wp\/wp-json\/wp\/v2\/types\/page"}],"author":[{"embeddable":true,"href":"https:\/\/aspcgymsport.com\/wp\/wp-json\/wp\/v2\/users\/1"}],"replies":[{"embeddable":true,"href":"https:\/\/aspcgymsport.com\/wp\/wp-json\/wp\/v2\/comments?post=7884"}],"version-history":[{"count":5,"href":"https:\/\/aspcgymsport.com\/wp\/wp-json\/wp\/v2\/pages\/7884\/revisions"}],"predecessor-version":[{"id":8079,"href":"https:\/\/aspcgymsport.com\/wp\/wp-json\/wp\/v2\/pages\/7884\/revisions\/8079"}],"wp:attachment":[{"href":"https:\/\/aspcgymsport.com\/wp\/wp-json\/wp\/v2\/media?parent=7884"}],"curies":[{"name":"wp","href":"https:\/\/api.w.org\/{rel}","templated":true}]}}