{"id":5312,"date":"2024-11-18T23:19:53","date_gmt":"2024-11-18T22:19:53","guid":{"rendered":"https:\/\/aspcgymsport.com\/wp\/?post_type=product&#038;p=5312"},"modified":"2025-11-28T22:16:04","modified_gmt":"2025-11-28T21:16:04","slug":"sweat-shirt-noir-a-capuche-non-zippe","status":"publish","type":"product","link":"https:\/\/aspcgymsport.com\/wp\/produit\/sweat-shirt-noir-a-capuche-non-zippe\/","title":{"rendered":"Sweat-shirt noir \u00e0 capuche, non zipp\u00e9"},"content":{"rendered":"<p>Sweat-shirt noir non zipp\u00e9 \u00e0 capuche.<\/p>\n<p>Couleur : NOIR.<\/p>\n<p>Tr\u00e8s confortable. Mati\u00e8re : molleton gratt\u00e9.<\/p>\n<p>Marque : B&amp;C.<\/p>\n<p>Logo c\u0153ur du club si souhait\u00e9 en blanc.<\/p>\n<p>Pr\u00e9nom en sus optionnel sur le devant (+2\u20ac)<\/p>\n<script type=\"text\/javascript\"> toolTips('.classtoolTips17','Gymnastique Rythmique'); <\/script><script type=\"text\/javascript\"> toolTips('.classtoolTips18','Trampoline'); <\/script>","protected":false},"excerpt":{"rendered":"<p>Sweat-shirt noir NON Zipp\u00e9 (Loisirs)<\/p>\n","protected":false},"featured_media":7501,"template":"","meta":{"give_campaign_id":0,"_et_pb_use_builder":"","_et_pb_old_content":"","_et_gb_content_width":"","_custom_body_class":"","_custom_post_class":""},"product_brand":[],"product_cat":[59],"product_tag":[],"class_list":{"0":"post-5312","1":"product","2":"type-product","3":"status-publish","4":"has-post-thumbnail","6":"product_cat-vetements","7":"wcpa_has_options","9":"first","10":"instock","11":"shipping-taxable","12":"purchasable","13":"product-type-variable","14":"has-default-attributes"},"wcpa_form_fields":{"wcpaData":{"product":{"product_price":25,"price_html":"<span class=\"woocommerce-Price-amount amount\" aria-hidden=\"true\"><bdi>25.00&nbsp;<span class=\"woocommerce-Price-currencySymbol\">&euro;<\/span><\/bdi><\/span> <span aria-hidden=\"true\">\u00a0\u2013\u00a0<\/span> <span class=\"woocommerce-Price-amount amount\" aria-hidden=\"true\"><bdi>28.00&nbsp;<span class=\"woocommerce-Price-currencySymbol\">&euro;<\/span><\/bdi><\/span><span class=\"screen-reader-text\">Plage de prix\u00a0: 25.00&nbsp;&euro; \u00e0 28.00&nbsp;&euro;<\/span>","original_product_price":25,"price_including_tax":25,"price_excluding_tax":25,"product_id":{"parent":5312,"variation":false},"is_variable":true,"stock_status":"instock","stock_quantity":null,"parent_sku":"sweatnoirnonzippe","product_attributes":{"taille":{"is_variation":true,"values":[]}},"custom_fields":[],"is_taxable":false,"product_name":"Sweat-shirt noir \u00e0 capuche, non zipp\u00e9","hasImage":false},"fields":{"sec_hv2gd1n2l4":{"extra":{"key":"sec_hv2gd1n2l4","section_id":"sec_hv2gd1n2l4","name":"Flocage DOS","status":1,"cl_rule":"show","enableCl":false,"relations":[],"toggle":true,"title_tag":"h4","show_title":true,"showPrice":"default","form_id":7497,"form_rules":{"exclude_from_discount":false,"fee_label":"Fee","disp_hide_options_price":false,"disp_show_section_price":false,"disp_show_field_price":true,"layout_option":"standard","pric_use_as_fee":false,"process_fee_as":"woo_fee"},"layout_option":"standard"},"fields":[[{"active":true,"col":6,"relations":false,"cl_rule":"show","enableCl":false,"price":"","enablePrice":false,"className":"","label_position":"default","desc_position":"default","type":"radio-group","required":false,"elementId":"radio_1429414573","label":"Choix du flocage DOS","name":"radio_1429414573","values":[{"label":"Logo du club ASPC GYMSPORT","value":"LOGO CLUB","selected":true,"tempId":"aco_1216","gt_translate_keys":["label"]},{"label":"Figurine seule (grande)","value":"Figurine","selected":false,"tempId":"aco_1217","gt_translate_keys":["label"]},{"label":"Figurine + Ecriture arrondie au dessus","value":"Figurine + \u00e9criture","selected":false,"tempId":"aco_1218","gt_translate_keys":["label"]}],"layOut":"","error":false,"checkUi":"","gt_translate_keys":["label"],"price_dependency":false,"cl_dependency":["radio-group_7673a68d3611ae","radio-group_7673a68d3611ae","radio_9238672570"],"value":""}],[{"type":"radio-group","required":true,"elementId":"radio-group_7673a68d3611ae","label":"Figurine (centrale)","description":"Choisissez la figurine \u00e0 faire figurer au centre de votre flocage","priceOptions":"different_for_all","pricingType":"fixed","name":"radio-group_7673a68d3611ae","enable_product_image":true,"other_text":"Other","cl_rule":"show","col":6,"values":[{"label":"GAF-Souplesse","value":"GAF-Souplesse","price":"","pimage":"https:\/\/aspcgymsport.com\/wp\/wp-content\/uploads\/souplesse.jpg","pimage_id":"3357","pthumb":"https:\/\/aspcgymsport.com\/wp\/wp-content\/uploads\/souplesse-150x150.jpg","productImage":{"title":"souplesse","caption":"","url":"https:\/\/aspcgymsport.com\/wp\/wp-content\/uploads\/souplesse.jpg","alt":"souplesse","src":"https:\/\/aspcgymsport.com\/wp\/wp-content\/uploads\/souplesse.jpg","srcset":"https:\/\/aspcgymsport.com\/wp\/wp-content\/uploads\/souplesse.jpg 444w, https:\/\/aspcgymsport.com\/wp\/wp-content\/uploads\/souplesse-201x300.jpg 201w","sizes":"(max-width: 444px) 100vw, 444px","full_src":"https:\/\/aspcgymsport.com\/wp\/wp-content\/uploads\/souplesse.jpg","full_src_w":444,"full_src_h":663,"gallery_thumbnail_src":"https:\/\/aspcgymsport.com\/wp\/wp-content\/uploads\/souplesse-100x100.jpg","gallery_thumbnail_src_w":100,"gallery_thumbnail_src_h":100,"thumb_src":"https:\/\/aspcgymsport.com\/wp\/wp-content\/uploads\/souplesse-300x300.jpg","thumb_src_w":300,"thumb_src_h":300,"src_w":444,"src_h":663,"image_id":"3357"},"gt_translate_keys":["label"]},{"label":"GAF-Poutre","value":"GAF-Poutre","price":"","pimage":"https:\/\/aspcgymsport.com\/wp\/wp-content\/uploads\/poutre.jpg","pimage_id":"3355","pthumb":"https:\/\/aspcgymsport.com\/wp\/wp-content\/uploads\/poutre-150x150.jpg","productImage":{"title":"poutre","caption":"","url":"https:\/\/aspcgymsport.com\/wp\/wp-content\/uploads\/poutre.jpg","alt":"poutre","src":"https:\/\/aspcgymsport.com\/wp\/wp-content\/uploads\/poutre.jpg","srcset":"https:\/\/aspcgymsport.com\/wp\/wp-content\/uploads\/poutre.jpg 480w, https:\/\/aspcgymsport.com\/wp\/wp-content\/uploads\/poutre-250x300.jpg 250w","sizes":"(max-width: 480px) 100vw, 480px","full_src":"https:\/\/aspcgymsport.com\/wp\/wp-content\/uploads\/poutre.jpg","full_src_w":480,"full_src_h":577,"gallery_thumbnail_src":"https:\/\/aspcgymsport.com\/wp\/wp-content\/uploads\/poutre-100x100.jpg","gallery_thumbnail_src_w":100,"gallery_thumbnail_src_h":100,"thumb_src":"https:\/\/aspcgymsport.com\/wp\/wp-content\/uploads\/poutre-300x300.jpg","thumb_src_w":300,"thumb_src_h":300,"src_w":480,"src_h":577,"image_id":"3355"},"gt_translate_keys":["label"]},{"label":"GAF-Saut \u00e9cart","value":"GAF-Ecart","price":"","pimage":"https:\/\/aspcgymsport.com\/wp\/wp-content\/uploads\/sol_001.jpg","pimage_id":"3356","pthumb":"https:\/\/aspcgymsport.com\/wp\/wp-content\/uploads\/sol_001-150x150.jpg","productImage":{"title":"sol_001","caption":"","url":"https:\/\/aspcgymsport.com\/wp\/wp-content\/uploads\/sol_001.jpg","alt":"sol_001","src":"https:\/\/aspcgymsport.com\/wp\/wp-content\/uploads\/sol_001-600x542.jpg","srcset":"https:\/\/aspcgymsport.com\/wp\/wp-content\/uploads\/sol_001-600x542.jpg 600w, https:\/\/aspcgymsport.com\/wp\/wp-content\/uploads\/sol_001-480x434.jpg 480w","sizes":"(min-width: 0px) and (max-width: 480px) 480px, (min-width: 481px) 600px, 100vw","full_src":"https:\/\/aspcgymsport.com\/wp\/wp-content\/uploads\/sol_001.jpg","full_src_w":663,"full_src_h":599,"gallery_thumbnail_src":"https:\/\/aspcgymsport.com\/wp\/wp-content\/uploads\/sol_001-100x100.jpg","gallery_thumbnail_src_w":100,"gallery_thumbnail_src_h":100,"thumb_src":"https:\/\/aspcgymsport.com\/wp\/wp-content\/uploads\/sol_001-300x300.jpg","thumb_src_w":300,"thumb_src_h":300,"src_w":600,"src_h":542,"image_id":"3356"},"gt_translate_keys":["label"]},{"label":"GAM-Anneaux","value":"GAM-Anneaux","price":"","pimage":"https:\/\/aspcgymsport.com\/wp\/wp-content\/uploads\/anneaux.jpg","pimage_id":"3363","pthumb":"https:\/\/aspcgymsport.com\/wp\/wp-content\/uploads\/anneaux-150x150.jpg","productImage":{"title":"anneaux","caption":"","url":"https:\/\/aspcgymsport.com\/wp\/wp-content\/uploads\/anneaux.jpg","alt":"anneaux","src":"https:\/\/aspcgymsport.com\/wp\/wp-content\/uploads\/anneaux.jpg","srcset":"https:\/\/aspcgymsport.com\/wp\/wp-content\/uploads\/anneaux.jpg 599w, https:\/\/aspcgymsport.com\/wp\/wp-content\/uploads\/anneaux-480x536.jpg 480w","sizes":"(min-width: 0px) and (max-width: 480px) 480px, (min-width: 481px) 599px, 100vw","full_src":"https:\/\/aspcgymsport.com\/wp\/wp-content\/uploads\/anneaux.jpg","full_src_w":599,"full_src_h":669,"gallery_thumbnail_src":"https:\/\/aspcgymsport.com\/wp\/wp-content\/uploads\/anneaux-100x100.jpg","gallery_thumbnail_src_w":100,"gallery_thumbnail_src_h":100,"thumb_src":"https:\/\/aspcgymsport.com\/wp\/wp-content\/uploads\/anneaux-300x300.jpg","thumb_src_w":300,"thumb_src_h":300,"src_w":599,"src_h":669,"image_id":"3363"},"gt_translate_keys":["label"]},{"label":"GAM-Ar\u00e7ons","value":"GAM-Arcons","price":"","pimage":"https:\/\/aspcgymsport.com\/wp\/wp-content\/uploads\/arcons.jpg","pimage_id":"3364","pthumb":"https:\/\/aspcgymsport.com\/wp\/wp-content\/uploads\/arcons-150x150.jpg","productImage":{"title":"arcons","caption":"","url":"https:\/\/aspcgymsport.com\/wp\/wp-content\/uploads\/arcons.jpg","alt":"arcons","src":"https:\/\/aspcgymsport.com\/wp\/wp-content\/uploads\/arcons.jpg","srcset":"https:\/\/aspcgymsport.com\/wp\/wp-content\/uploads\/arcons.jpg 567w, https:\/\/aspcgymsport.com\/wp\/wp-content\/uploads\/arcons-480x417.jpg 480w","sizes":"(min-width: 0px) and (max-width: 480px) 480px, (min-width: 481px) 567px, 100vw","full_src":"https:\/\/aspcgymsport.com\/wp\/wp-content\/uploads\/arcons.jpg","full_src_w":567,"full_src_h":493,"gallery_thumbnail_src":"https:\/\/aspcgymsport.com\/wp\/wp-content\/uploads\/arcons-100x100.jpg","gallery_thumbnail_src_w":100,"gallery_thumbnail_src_h":100,"thumb_src":"https:\/\/aspcgymsport.com\/wp\/wp-content\/uploads\/arcons-300x300.jpg","thumb_src_w":300,"thumb_src_h":300,"src_w":567,"src_h":493,"image_id":"3364"},"gt_translate_keys":["label"]},{"label":"Parkour-Franchissement","value":"Parkour-Franchissement","price":"","pimage":"https:\/\/aspcgymsport.com\/wp\/wp-content\/uploads\/parkour_01.jpg","pimage_id":"3353","pthumb":"https:\/\/aspcgymsport.com\/wp\/wp-content\/uploads\/parkour_01-150x150.jpg","productImage":{"title":"parkour_01","caption":"","url":"https:\/\/aspcgymsport.com\/wp\/wp-content\/uploads\/parkour_01.jpg","alt":"parkour_01","src":"https:\/\/aspcgymsport.com\/wp\/wp-content\/uploads\/parkour_01.jpg","srcset":"https:\/\/aspcgymsport.com\/wp\/wp-content\/uploads\/parkour_01.jpg 598w, https:\/\/aspcgymsport.com\/wp\/wp-content\/uploads\/parkour_01-480x396.jpg 480w","sizes":"(min-width: 0px) and (max-width: 480px) 480px, (min-width: 481px) 598px, 100vw","full_src":"https:\/\/aspcgymsport.com\/wp\/wp-content\/uploads\/parkour_01.jpg","full_src_w":598,"full_src_h":493,"gallery_thumbnail_src":"https:\/\/aspcgymsport.com\/wp\/wp-content\/uploads\/parkour_01-100x100.jpg","gallery_thumbnail_src_w":100,"gallery_thumbnail_src_h":100,"thumb_src":"https:\/\/aspcgymsport.com\/wp\/wp-content\/uploads\/parkour_01-300x300.jpg","thumb_src_w":300,"thumb_src_h":300,"src_w":598,"src_h":493,"image_id":"3353"},"gt_translate_keys":["label"]},{"label":"Parkour-Salto","value":"Parkour-Salto","price":"","pimage":"https:\/\/aspcgymsport.com\/wp\/wp-content\/uploads\/parkour_02.jpg","pimage_id":"3354","pthumb":"https:\/\/aspcgymsport.com\/wp\/wp-content\/uploads\/parkour_02-150x150.jpg","productImage":{"title":"parkour_02","caption":"","url":"https:\/\/aspcgymsport.com\/wp\/wp-content\/uploads\/parkour_02.jpg","alt":"parkour_02","src":"https:\/\/aspcgymsport.com\/wp\/wp-content\/uploads\/parkour_02.jpg","srcset":"https:\/\/aspcgymsport.com\/wp\/wp-content\/uploads\/parkour_02.jpg 570w, https:\/\/aspcgymsport.com\/wp\/wp-content\/uploads\/parkour_02-480x407.jpg 480w","sizes":"(min-width: 0px) and (max-width: 480px) 480px, (min-width: 481px) 570px, 100vw","full_src":"https:\/\/aspcgymsport.com\/wp\/wp-content\/uploads\/parkour_02.jpg","full_src_w":570,"full_src_h":483,"gallery_thumbnail_src":"https:\/\/aspcgymsport.com\/wp\/wp-content\/uploads\/parkour_02-100x100.jpg","gallery_thumbnail_src_w":100,"gallery_thumbnail_src_h":100,"thumb_src":"https:\/\/aspcgymsport.com\/wp\/wp-content\/uploads\/parkour_02-300x300.jpg","thumb_src_w":300,"thumb_src_h":300,"src_w":570,"src_h":483,"image_id":"3354"},"gt_translate_keys":["label"]},{"label":"GAC","value":"GAC","price":"","pimage":"https:\/\/aspcgymsport.com\/wp\/wp-content\/uploads\/gac.jpg","pimage_id":"3365","pthumb":"https:\/\/aspcgymsport.com\/wp\/wp-content\/uploads\/gac-150x150.jpg","productImage":{"title":"gac","caption":"","url":"https:\/\/aspcgymsport.com\/wp\/wp-content\/uploads\/gac.jpg","alt":"gac","src":"https:\/\/aspcgymsport.com\/wp\/wp-content\/uploads\/gac.jpg","srcset":"https:\/\/aspcgymsport.com\/wp\/wp-content\/uploads\/gac.jpg 347w, https:\/\/aspcgymsport.com\/wp\/wp-content\/uploads\/gac-157x300.jpg 157w","sizes":"(max-width: 347px) 100vw, 347px","full_src":"https:\/\/aspcgymsport.com\/wp\/wp-content\/uploads\/gac.jpg","full_src_w":347,"full_src_h":661,"gallery_thumbnail_src":"https:\/\/aspcgymsport.com\/wp\/wp-content\/uploads\/gac-100x100.jpg","gallery_thumbnail_src_w":100,"gallery_thumbnail_src_h":100,"thumb_src":"https:\/\/aspcgymsport.com\/wp\/wp-content\/uploads\/gac-300x300.jpg","thumb_src_w":300,"thumb_src_h":300,"src_w":347,"src_h":661,"image_id":"3365"},"gt_translate_keys":["label"]}],"relations":[{"operator":false,"rules":[{"operator":"or","rules":{"cl_field":"radio_1429414573","cl_relation":"is","cl_val":"Figurine"}},{"operator":"AND","rules":{"cl_field":"radio_1429414573","cl_relation":"is","cl_val":"Figurine + \u00e9criture"}}]}],"active":true,"tooltip":"","layOut":"","checkUi":"","error":false,"enableCl":true,"gt_translate_keys":["label","description","tooltip"],"price_dependency":false,"cl_dependency":false,"value":""}],[{"active":true,"col":6,"relations":[{"operator":false,"rules":[{"operator":"AND","rules":{"cl_field":"radio_1429414573","cl_relation":"is","cl_val":"Figurine + \u00e9criture"}}]}],"cl_rule":"show","enableCl":true,"price":"","enablePrice":false,"className":"","label_position":"default","desc_position":"default","type":"radio-group","required":false,"elementId":"radio_9238672570","label":"Texte \u00e9criture arrondie :","name":"radio_9238672570","values":[{"label":"ASPC GYMSPORT","value":"logo CLUB","selected":false,"tempId":"aco_104","gt_translate_keys":["label"]},{"label":"J'Peux pas j'ai GYM","value":"jpeuxpas_GYM","selected":false,"tempId":"aco_105","gt_translate_keys":["label"]},{"label":"J'Peux pas j'ai GAc","value":"jpeuxpas_GAc","selected":false,"tempId":"aco_106","gt_translate_keys":["label"]},{"label":"J'Peux pas j'ai PARKOUR","value":"jpeuxpas_PK","selected":false,"tempId":"aco_1205","gt_translate_keys":["label"]},{"label":"Devise \u00e0 saisir ci-dessous :","value":"devise_perso","selected":false,"tempId":"aco_1323","gt_translate_keys":["label"]}],"layOut":"","error":false,"checkUi":"","gt_translate_keys":["label"],"price_dependency":false,"cl_dependency":["text_2673a68d3611bf"],"value":""}],[{"type":"text","elementId":"text_2673a68d3611bf","label":"Devise personnalis\u00e9e ?","pricingType":"fixed","name":"text_2673a68d3611bf","subtype":"text","mapToCheckoutFieldParent":"billing","mapToCheckoutField":"billing_first_name","cl_rule":"show","col":6,"relations":[{"operator":false,"rules":[{"operator":"AND","rules":{"cl_field":"radio_9238672570","cl_relation":"is","cl_val":"devise_perso"}}]}],"active":true,"tooltip":"Par exemple : \"La Queen de la GYM\"","error":false,"enableCl":true,"gt_translate_keys":["label","tooltip"],"price_dependency":false,"cl_dependency":false,"value":""}]]},"sec_hv2o1m2e2j8":{"extra":{"key":"sec_hv2o1m2e2j8","section_id":"sec_hv2o1m2e2j8","name":"Flocage DEVANT","status":1,"cl_rule":"show","enableCl":false,"relations":[],"toggle":true,"title_tag":"h4","show_title":true,"showPrice":"default","form_id":7497,"form_rules":{"exclude_from_discount":false,"fee_label":"Fee","disp_hide_options_price":false,"disp_show_section_price":false,"disp_show_field_price":true,"layout_option":"standard","pric_use_as_fee":false,"process_fee_as":"woo_fee"},"layout_option":"standard"},"fields":[[{"active":true,"col":6,"relations":false,"cl_rule":"show","enableCl":false,"price":"","enablePrice":false,"className":"","label_position":"default","desc_position":"default","type":"radio-group","required":true,"elementId":"radio_9228782395","label":"Flocage devant \u00e0 Gauche","name":"radio_9228782395","values":[{"label":"Logo CLUB","value":"Devant_logoCLUB","selected":false,"tempId":"aco_2434","gt_translate_keys":["label"]},{"label":"Pas de flocage","value":"Devant_rien","selected":false,"tempId":"aco_2435","gt_translate_keys":["label"]}],"layOut":"","error":false,"checkUi":"","gt_translate_keys":["label"],"price_dependency":false,"cl_dependency":false,"value":""}],[{"type":"text","elementId":"text_8673a68d36117d","label":"Pr\u00e9nom optionnel ? (floqu\u00e9 \u00e0 droite sur le coeur)","description":"Attention : indiquez ici pr\u00e9cis\u00e9ment ce que vous souhaitez (pr\u00e9nom\/surnom... majuscules\/minuscules...)","enablePrice":true,"pricingType":"fixed","price":"2","name":"text_8673a68d36117d","subtype":"text","mapToCheckoutFieldParent":"billing","mapToCheckoutField":"billing_first_name","cl_rule":"show","col":6,"relations":false,"active":true,"tooltip":"(pr\u00e9nom plac\u00e9 \u00e0 Droite)","error":false,"gt_translate_keys":["label","description","tooltip"],"price_dependency":false,"cl_dependency":false,"value":""}]]},"sec_5673a68d36115f":{"extra":{"key":"sec_5673a68d36115f","section_id":"sec_5673a68d36115f","name":"ancien param\u00e9trage","status":1,"cl_rule":"hide","enableCl":false,"relations":[],"toggle":true,"title_tag":"h3","show_title":false,"showPrice":"default","form_id":7497,"form_rules":{"exclude_from_discount":false,"fee_label":"Fee","disp_hide_options_price":false,"disp_show_section_price":false,"disp_show_field_price":true,"layout_option":"standard","pric_use_as_fee":false,"process_fee_as":"woo_fee"},"layout_option":"standard"},"fields":[[{"type":"radio-group","required":true,"elementId":"radio-group_7673a68d3611b7","label":"Couleur du flocage","description":"","desc_type":true,"priceOptions":"different_for_all","pricingType":"fixed","name":"radio-group_7673a68d3611b7","options_tooltip":true,"other_text":"Other","cl_rule":"show","col":6,"values":[{"label":"arc en ciel","value":"flocage-arcenciel","price":"","pimage":"","pimage_id":"","pthumb":"","tooltip":"couleur non recommand\u00e9e si votre v\u00eatement est turquoise","tempId":"aco_338","gt_translate_keys":["label","tooltip"]},{"label":"noir","value":"flocage-noir","price":"","pimage":"","pimage_id":"","pthumb":"","tooltip":"couleur non recommand\u00e9e si votre v\u00eatement est noir","tempId":"aco_339","gt_translate_keys":["label","tooltip"]},{"label":"blanc","value":"flocage-blanc","price":"","pimage":"","pimage_id":"","pthumb":"","tooltip":"couleur non recommand\u00e9e si votre v\u00eatement est blanc ou gris","tempId":"aco_340","gt_translate_keys":["label","tooltip"]},{"label":"bleu","value":"flocage-bleu","price":"","pimage":"","pimage_id":"","pthumb":"","tooltip":"couleur non recommand\u00e9e si votre v\u00eatement est noir","tempId":"aco_341","gt_translate_keys":["label","tooltip"]},{"label":"rose","value":"flocage-rose","selected":false,"tempId":"aco_424","tooltip":"couleur non recommand\u00e9e si votre v\u00eatement est gris ou blanc","gt_translate_keys":["label","tooltip"]}],"relations":false,"active":true,"tooltip":"Cette couleur est s\u00e9lectionn\u00e9e pour l'ensemble du flocage","layOut":"","error":false,"checkUi":"","gt_translate_keys":["label","description","tooltip"],"price_dependency":false,"cl_dependency":false,"value":""}]]}},"config":{"price_override":"","enable_recaptcha":false,"bind_quantity":false,"quantity_bind_formula":false,"disp_summ_show_option_price":true,"disp_summ_show_product_price":true,"disp_summ_show_total_price":true,"disp_summ_show_fee":false,"disp_summ_show_discount":false,"summary_title":"","options_total_label":"Montant de vos options","total_label":"Total","options_product_label":"Prix du produit","fee_label":"Fee","discount_label":"Discount","has_price":true,"has_quantity_formula":false},"mc_unit":1,"tax_rate":1,"tax_rate_real":1,"discount":{"percentage":0,"fixed":0},"design":{"conf":{"LabelPosition":"above","DescPosition":"above","UploadField":"custom_1","QuantityFieldStyle":"default"},"css":{"LeftLabelWidth":"120px"}},"formulas":[],"lookuptables":[],"clones":false,"cartKey":false}},"_links":{"self":[{"href":"https:\/\/aspcgymsport.com\/wp\/wp-json\/wp\/v2\/product\/5312","targetHints":{"allow":["GET"]}}],"collection":[{"href":"https:\/\/aspcgymsport.com\/wp\/wp-json\/wp\/v2\/product"}],"about":[{"href":"https:\/\/aspcgymsport.com\/wp\/wp-json\/wp\/v2\/types\/product"}],"wp:featuredmedia":[{"embeddable":true,"href":"https:\/\/aspcgymsport.com\/wp\/wp-json\/wp\/v2\/media\/7501"}],"wp:attachment":[{"href":"https:\/\/aspcgymsport.com\/wp\/wp-json\/wp\/v2\/media?parent=5312"}],"wp:term":[{"taxonomy":"product_brand","embeddable":true,"href":"https:\/\/aspcgymsport.com\/wp\/wp-json\/wp\/v2\/product_brand?post=5312"},{"taxonomy":"product_cat","embeddable":true,"href":"https:\/\/aspcgymsport.com\/wp\/wp-json\/wp\/v2\/product_cat?post=5312"},{"taxonomy":"product_tag","embeddable":true,"href":"https:\/\/aspcgymsport.com\/wp\/wp-json\/wp\/v2\/product_tag?post=5312"}],"curies":[{"name":"wp","href":"https:\/\/api.w.org\/{rel}","templated":true}]}}